{"id":296,"date":"2017-08-07T08:42:12","date_gmt":"2017-08-07T06:42:12","guid":{"rendered":"http:\/\/www.fahnen-masten-profi.de\/?page_id=296"},"modified":"2017-08-28T12:29:05","modified_gmt":"2017-08-28T10:29:05","slug":"der-richtige-mast","status":"publish","type":"page","link":"http:\/\/www.fahnen-masten-profi.de\/?page_id=296","title":{"rendered":"Der richtige Mast"},"content":{"rendered":"<p>Die Auswahl an Fahnenmasten ist riesig, es l\u00e4sst sich f\u00fcr wirklich jeden Einsatzzweck der passende Mast finden. Die Auswahl in L\u00e4nge,\u00a0St\u00e4rke und Farbe (pulverbeschichtet) mit oder ohne Zubeh\u00f6r ist umfangreich. Dabei ist es ganz gleich, ob Sie Masten f\u00fcr eine Vereinsfahne,\u00a0Firmenflagge, Gemeindefahne, Fu\u00dfballflagge, Jubil\u00e4umsflagge oder eine Familienfahne f\u00fcr ein Privatgrundst\u00fcck suchen, die weithin sichtbar\u00a0auf einem repr\u00e4sentativen Fahnenmast wehen soll.<\/p>\n<p>Fahnenmasten sind f\u00fcr einen mobile (kurzfristigen) Einsatz ebenso erh\u00e4ltlich, wie mit einer festen Bodenverankerung wie f\u00fcr den dauerhaften\u00a0Einsatz im Au\u00dfenbereich. Eine hochwertige Materialqualit\u00e4t und Verarbeitung gew\u00e4hrleistet eine lange Lebensdauer. Aluminiumfahnenmasten\u00a0sind f\u00fcr Fahnen im Querformat oder L\u00e4ngsformat erh\u00e4ltlich.\u00a0Herk\u00f6mmliche Masten ben\u00f6tigen ein Mindestma\u00df an Wind, um die Fahnen lesbar auswehen zu lassen. Das bedeutet: Bei wenig Wind oder\u00a0gar bei Windstille ist der Werbeeffekt gering oder gar nicht vorhanden. Die Auslegermasten mit drehbarem Ausleger beheben diesen Umstand.\u00a0Die Fahne ist immer vollfl\u00e4chig sichtbar und Ihre Werbebotschaft wird zu jeder Zeit, also auch bei Windstille gelesen. So wird Ihre\u00a0Fahne am Auslegermast zu einem dauerhaften Werbeschild.<\/p>\n<p>Bei der Aufstellung in Reihen oder Gruppen sollte der Abstand der Masten mindestens das Eineinhalbfache der Fahnenbreite betragen. Bei\u00a0Auslegermasten die zwei- bis zweieinhalbfache Auslegerl\u00e4nge. Die Anzahl der Masten wird auch durch die \u00f6rtlichen Gegebenheit bestimmt.\u00a03 Masten sind die Mindestzahl fur eine Gruppe. Bei der Aufstellung der Masten an Grundst\u00fccksgrenzen ist darauf zu achten, dass die Fahnen\u00a0keinesfalls auf fremden oder auf \u00f6ffentlichem Grund wehen. Die Aufstellung vor oder neben Geb\u00e4uden erfordert zudem einen geeigneten\u00a0Abstand, damit die Fahnen keinesfalls im Windschatten eines Geb\u00e4udek\u00f6rpers liegen.<\/p>\n<p>Die Frage nach der Gr\u00f6\u00dfe (also nach der H\u00f6he) von Fahnenmasten l\u00e4sst sich relativ einfach beantworten: je h\u00f6her \u2013 desto besser. Die Mindesth\u00f6he\u00a0sollte wenigstens 4 &#8211; 5 m betragen, besser 6 m oder noch h\u00f6her. Denn je h\u00f6her der Mast ist, desto gr\u00f6\u00dfer ist die Sichbarkeit der\u00a0Fahne \u2013 auch aus der Entfernung.<\/p>\n<p>Weiterhin ist zu beachten, dass die Fahnen\/Flaggen mit zunehmender Gr\u00f6\u00dfe der Masten ebenfalls gro\u00df genug dimensioniert werden.<\/p>\n<p>Nachfolgend eine Begriffserkl\u00e4rung zu den Bestandteilen eines Fahnenmastes:<\/p>\n<p>&nbsp;<\/p>\n<p><img loading=\"lazy\" decoding=\"async\" class=\"alignnone wp-image-357 size-large\" src=\"http:\/\/www.fahnen-masten-profi.de\/wp-content\/uploads\/2017\/08\/Preise-und-Informationen-f\u00fcr-Fahnenmasten-26-1024x609.jpg\" alt=\"11_009\" width=\"800\" height=\"476\" srcset=\"http:\/\/www.fahnen-masten-profi.de\/wp-content\/uploads\/2017\/08\/Preise-und-Informationen-f\u00fcr-Fahnenmasten-26-1024x609.jpg 1024w, http:\/\/www.fahnen-masten-profi.de\/wp-content\/uploads\/2017\/08\/Preise-und-Informationen-f\u00fcr-Fahnenmasten-26-300x178.jpg 300w, http:\/\/www.fahnen-masten-profi.de\/wp-content\/uploads\/2017\/08\/Preise-und-Informationen-f\u00fcr-Fahnenmasten-26-768x456.jpg 768w\" sizes=\"(max-width: 800px) 100vw, 800px\" \/><\/p>\n<p>&nbsp;<\/p>\n<p>Es versteht sich beinahe von selbst, dass Fahnenmasten durch Funktionalit\u00e4t, gepr\u00fcfte Qualit\u00e4t und Sicherheit \u00fcberzeugen sollten. Generell\u00a0l\u00e4sst sich sagen, dass Masten aus deutscher Produktion \u00fcber eine hochwertige Aluminiumlegierung und eine zus\u00e4tzliche Eloxalschicht verf\u00fcgen.\u00a0Sie sind mit und ohne Ausleger sowie in verschiedenen H\u00f6hen zwischen 5 und 12 m erh\u00e4ltlich. In der riesigen Auswahl finden sich Masten\u00a0f\u00fcr die unterschiedlichsten Budgets, Einsatzzwecke und \u00f6rtliche Gegebenheiten. Fahnenmasten mit Ausleger lassen Fahnen frei im Wind\u00a0wehen. F\u00fcr Regionen mit wenig Wind sind Masten mit Auslegern besonders geeignet. Die Ausleger sichern die volle Entfaltung der Flagge\u00a0und damit die Sichtbarkeit auf die Informationen.<\/p>\n<p><strong>Fahnenmasten ohne Ausleger<\/strong><\/p>\n<p>An Fahnenmasten ohne Ausleger k\u00f6nnen die Fahnen frei im Wind wehen und sind schon aus gro\u00dfer Entfernung sichtbar. Die st\u00e4ndige Bewegung\u00a0im Wind schafft Aufmerksamkeit. Fahnenmasten ohne Ausleger sind der am h\u00e4ufigsten verwendete Masttyp. (s. Abbildung 1)<\/p>\n<p><strong>Fahnenmasten mit \u201enicht-hissbarer\u201c Ausleger<\/strong><\/p>\n<p>Fahnenmasten mit nicht hissbarem Ausleger sorgen daf\u00fcr, dass Ihre Fahne auch bei wenig Wind voll sichtbar bleibt. Der nahtlos zylindrische\u00a0Aluminium-Fahnenmast verf\u00fcgt \u00fcber eine hochwertige Legierung mit zus\u00e4tzlicher Eloxalschicht, die eine langlebige, gute Oberfl\u00e4chenoptik\u00a0gew\u00e4hrleistet. (s. Abbildung 2)<\/p>\n<p><strong>Fahnenmasten als hissbarer Ausleger<\/strong><\/p>\n<p>Fahnenmasten mit hissbarem Ausleger sind die ideale L\u00f6sung, wenn Sie Ihre Fahnenpr\u00e4sentation h\u00e4ufiger wechseln und auch ohne Wind sicher\u00a0sein m\u00f6chten, dass Ihre Fahnen gut sichtbar sind. Das Wechseln der Fahnen ist denkbar einfach. Sie hissen den Ausleger einfach mit der\u00a0Fahne am Mast. (s. Abbildung 3)<\/p>\n<p>&nbsp;<\/p>\n<p><img loading=\"lazy\" decoding=\"async\" class=\"alignnone wp-image-359 size-large\" src=\"http:\/\/www.fahnen-masten-profi.de\/wp-content\/uploads\/2017\/08\/Preise-und-Informationen-f\u00fcr-Fahnenmasten-25-1024x460.jpg\" alt=\"11_010\" width=\"800\" height=\"359\" srcset=\"http:\/\/www.fahnen-masten-profi.de\/wp-content\/uploads\/2017\/08\/Preise-und-Informationen-f\u00fcr-Fahnenmasten-25-1024x460.jpg 1024w, http:\/\/www.fahnen-masten-profi.de\/wp-content\/uploads\/2017\/08\/Preise-und-Informationen-f\u00fcr-Fahnenmasten-25-300x135.jpg 300w, http:\/\/www.fahnen-masten-profi.de\/wp-content\/uploads\/2017\/08\/Preise-und-Informationen-f\u00fcr-Fahnenmasten-25-768x345.jpg 768w\" sizes=\"(max-width: 800px) 100vw, 800px\" \/><\/p>\n","protected":false},"excerpt":{"rendered":"<p>Die Auswahl an Fahnenmasten ist riesig, es l\u00e4sst sich f\u00fcr wirklich jeden Einsatzzweck der passende Mast finden. Die Auswahl in<\/p>\n","protected":false},"author":7,"featured_media":0,"parent":0,"menu_order":0,"comment_status":"closed","ping_status":"closed","template":"","meta":{"footnotes":""},"_links":{"self":[{"href":"http:\/\/www.fahnen-masten-profi.de\/index.php?rest_route=\/wp\/v2\/pages\/296"}],"collection":[{"href":"http:\/\/www.fahnen-masten-profi.de\/index.php?rest_route=\/wp\/v2\/pages"}],"about":[{"href":"http:\/\/www.fahnen-masten-profi.de\/index.php?rest_route=\/wp\/v2\/types\/page"}],"author":[{"embeddable":true,"href":"http:\/\/www.fahnen-masten-profi.de\/index.php?rest_route=\/wp\/v2\/users\/7"}],"replies":[{"embeddable":true,"href":"http:\/\/www.fahnen-masten-profi.de\/index.php?rest_route=%2Fwp%2Fv2%2Fcomments&post=296"}],"version-history":[{"count":10,"href":"http:\/\/www.fahnen-masten-profi.de\/index.php?rest_route=\/wp\/v2\/pages\/296\/revisions"}],"predecessor-version":[{"id":299,"href":"http:\/\/www.fahnen-masten-profi.de\/index.php?rest_route=\/wp\/v2\/pages\/296\/revisions\/299"}],"wp:attachment":[{"href":"http:\/\/www.fahnen-masten-profi.de\/index.php?rest_route=%2Fwp%2Fv2%2Fmedia&parent=296"}],"curies":[{"name":"wp","href":"https:\/\/api.w.org\/{rel}","templated":true}]}}